{"id":556,"date":"2025-04-18T13:48:46","date_gmt":"2025-04-18T13:48:46","guid":{"rendered":"https:\/\/amic.world\/scalar\/?page_id=556"},"modified":"2025-08-20T19:15:58","modified_gmt":"2025-08-21T00:15:58","slug":"proyectos","status":"publish","type":"page","link":"https:\/\/amic.world\/scalar\/proyectos\/","title":{"rendered":"Proyectos"},"content":{"rendered":"\t\t<div data-elementor-type=\"wp-page\" data-elementor-id=\"556\" class=\"elementor elementor-556\" data-elementor-post-type=\"page\">\n\t\t\t\t<div class=\"elementor-element elementor-element-512dc1c e-flex e-con-boxed e-con e-parent\" data-id=\"512dc1c\" data-element_type=\"container\" data-settings=\"{&quot;background_background&quot;:&quot;classic&quot;}\">\n\t\t\t\t\t<div class=\"e-con-inner\">\n\t\t\t\t<div class=\"elementor-element elementor-element-8662736 elementor-widget elementor-widget-heading\" data-id=\"8662736\" data-element_type=\"widget\" data-widget_type=\"heading.default\">\n\t\t\t\t<div class=\"elementor-widget-container\">\n\t\t\t\t\t<h2 class=\"elementor-heading-title elementor-size-default\">Proyectos<\/h2>\t\t\t\t<\/div>\n\t\t\t\t<\/div>\n\t\t\t\t\t<\/div>\n\t\t\t\t<\/div>\n\t\t<div class=\"elementor-element elementor-element-953df3d e-flex e-con-boxed e-con e-parent\" data-id=\"953df3d\" data-element_type=\"container\">\n\t\t\t\t\t<div class=\"e-con-inner\">\n\t\t<div class=\"elementor-element elementor-element-e79a42a e-con-full e-flex e-con e-child\" data-id=\"e79a42a\" data-element_type=\"container\">\n\t\t\t\t<div class=\"elementor-element elementor-element-0546564 elementor-widget elementor-widget-image\" data-id=\"0546564\" data-element_type=\"widget\" data-widget_type=\"image.default\">\n\t\t\t\t<div class=\"elementor-widget-container\">\n\t\t\t\t\t\t\t\t\t\t\t\t\t\t\t\t<a href=\"https:\/\/amic.world\/scalar\/la-gloria\/\">\n\t\t\t\t\t\t\t<img fetchpriority=\"high\" decoding=\"async\" width=\"768\" height=\"768\" src=\"https:\/\/amic.world\/scalar\/wp-content\/uploads\/2025\/04\/La-gloria-26-768x768.jpg\" class=\"attachment-medium_large size-medium_large wp-image-558\" alt=\"\" srcset=\"https:\/\/amic.world\/scalar\/wp-content\/uploads\/2025\/04\/La-gloria-26-768x768.jpg 768w, https:\/\/amic.world\/scalar\/wp-content\/uploads\/2025\/04\/La-gloria-26-300x300.jpg 300w, https:\/\/amic.world\/scalar\/wp-content\/uploads\/2025\/04\/La-gloria-26-150x150.jpg 150w, https:\/\/amic.world\/scalar\/wp-content\/uploads\/2025\/04\/La-gloria-26-600x600.jpg 600w, https:\/\/amic.world\/scalar\/wp-content\/uploads\/2025\/04\/La-gloria-26.jpg 810w\" sizes=\"(max-width: 768px) 100vw, 768px\" \/>\t\t\t\t\t\t\t\t<\/a>\n\t\t\t\t\t\t\t\t\t\t\t\t\t\t\t<\/div>\n\t\t\t\t<\/div>\n\t\t\t\t<div class=\"elementor-element elementor-element-ef34acc elementor-widget elementor-widget-progress\" data-id=\"ef34acc\" data-element_type=\"widget\" data-widget_type=\"progress.default\">\n\t\t\t\t<div class=\"elementor-widget-container\">\n\t\t\t\t\t\t\t\t<span class=\"elementor-title\" id=\"elementor-progress-bar-ef34acc\">\n\t\t\t\tMeta de Inversi\u00f3n.    USD $ 1,090,000.00\t\t\t<\/span>\n\t\t\n\t\t<div aria-labelledby=\"elementor-progress-bar-ef34acc\" class=\"elementor-progress-wrapper\" role=\"progressbar\" aria-valuemin=\"0\" aria-valuemax=\"100\" aria-valuenow=\"77\" aria-valuetext=\"77% (Invertido)\">\n\t\t\t<div class=\"elementor-progress-bar\" data-max=\"77\">\n\t\t\t\t<span class=\"elementor-progress-text\">Invertido<\/span>\n\t\t\t\t\t\t\t\t\t<span class=\"elementor-progress-percentage\">77%<\/span>\n\t\t\t\t\t\t\t<\/div>\n\t\t<\/div>\n\t\t\t\t\t\t<\/div>\n\t\t\t\t<\/div>\n\t\t\t\t<div class=\"elementor-element elementor-element-27c3525 elementor-widget elementor-widget-text-editor\" data-id=\"27c3525\" data-element_type=\"widget\" data-widget_type=\"text-editor.default\">\n\t\t\t\t<div class=\"elementor-widget-container\">\n\t\t\t\t\t\t\t\t\t<p>14 Socios<\/p>\t\t\t\t\t\t\t\t<\/div>\n\t\t\t\t<\/div>\n\t\t\t\t<\/div>\n\t\t<div class=\"elementor-element elementor-element-8b074df e-con-full e-flex e-con e-child\" data-id=\"8b074df\" data-element_type=\"container\">\n\t\t\t\t<div class=\"elementor-element elementor-element-3d41968 elementor-widget elementor-widget-image\" data-id=\"3d41968\" data-element_type=\"widget\" data-widget_type=\"image.default\">\n\t\t\t\t<div class=\"elementor-widget-container\">\n\t\t\t\t\t\t\t\t\t\t\t\t\t\t\t<img decoding=\"async\" width=\"600\" height=\"600\" src=\"https:\/\/amic.world\/scalar\/wp-content\/uploads\/2025\/04\/11-imagen-Terreno-2.jpg\" class=\"attachment-large size-large wp-image-559\" alt=\"\" srcset=\"https:\/\/amic.world\/scalar\/wp-content\/uploads\/2025\/04\/11-imagen-Terreno-2.jpg 600w, https:\/\/amic.world\/scalar\/wp-content\/uploads\/2025\/04\/11-imagen-Terreno-2-300x300.jpg 300w, https:\/\/amic.world\/scalar\/wp-content\/uploads\/2025\/04\/11-imagen-Terreno-2-150x150.jpg 150w\" sizes=\"(max-width: 600px) 100vw, 600px\" \/>\t\t\t\t\t\t\t\t\t\t\t\t\t\t\t<\/div>\n\t\t\t\t<\/div>\n\t\t\t\t<div class=\"elementor-element elementor-element-d42440d elementor-widget elementor-widget-progress\" data-id=\"d42440d\" data-element_type=\"widget\" data-widget_type=\"progress.default\">\n\t\t\t\t<div class=\"elementor-widget-container\">\n\t\t\t\t\t\t\t\t<span class=\"elementor-title\" id=\"elementor-progress-bar-d42440d\">\n\t\t\t\tMeta de Inversi\u00f3n.    USD $ 1,092,000.00\t\t\t<\/span>\n\t\t\n\t\t<div aria-labelledby=\"elementor-progress-bar-d42440d\" class=\"elementor-progress-wrapper\" role=\"progressbar\" aria-valuemin=\"0\" aria-valuemax=\"100\" aria-valuenow=\"59\" aria-valuetext=\"59% (Invertido)\">\n\t\t\t<div class=\"elementor-progress-bar\" data-max=\"59\">\n\t\t\t\t<span class=\"elementor-progress-text\">Invertido<\/span>\n\t\t\t\t\t\t\t\t\t<span class=\"elementor-progress-percentage\">59%<\/span>\n\t\t\t\t\t\t\t<\/div>\n\t\t<\/div>\n\t\t\t\t\t\t<\/div>\n\t\t\t\t<\/div>\n\t\t\t\t<div class=\"elementor-element elementor-element-1e6d744 elementor-widget elementor-widget-text-editor\" data-id=\"1e6d744\" data-element_type=\"widget\" data-widget_type=\"text-editor.default\">\n\t\t\t\t<div class=\"elementor-widget-container\">\n\t\t\t\t\t\t\t\t\t<p>9 Socios<\/p>\t\t\t\t\t\t\t\t<\/div>\n\t\t\t\t<\/div>\n\t\t\t\t<\/div>\n\t\t<div class=\"elementor-element elementor-element-16c7def e-con-full e-flex e-con e-child\" data-id=\"16c7def\" data-element_type=\"container\">\n\t\t\t\t<div class=\"elementor-element elementor-element-d3e717a elementor-widget elementor-widget-image\" data-id=\"d3e717a\" data-element_type=\"widget\" data-widget_type=\"image.default\">\n\t\t\t\t<div class=\"elementor-widget-container\">\n\t\t\t\t\t\t\t\t\t\t\t\t\t\t\t<img decoding=\"async\" width=\"600\" height=\"600\" src=\"https:\/\/amic.world\/scalar\/wp-content\/uploads\/2025\/04\/11-imagen-parque-05.jpg\" class=\"attachment-large size-large wp-image-560\" alt=\"\" srcset=\"https:\/\/amic.world\/scalar\/wp-content\/uploads\/2025\/04\/11-imagen-parque-05.jpg 600w, https:\/\/amic.world\/scalar\/wp-content\/uploads\/2025\/04\/11-imagen-parque-05-300x300.jpg 300w, https:\/\/amic.world\/scalar\/wp-content\/uploads\/2025\/04\/11-imagen-parque-05-150x150.jpg 150w\" sizes=\"(max-width: 600px) 100vw, 600px\" \/>\t\t\t\t\t\t\t\t\t\t\t\t\t\t\t<\/div>\n\t\t\t\t<\/div>\n\t\t\t\t<div class=\"elementor-element elementor-element-6a60f14 elementor-widget elementor-widget-progress\" data-id=\"6a60f14\" data-element_type=\"widget\" data-widget_type=\"progress.default\">\n\t\t\t\t<div class=\"elementor-widget-container\">\n\t\t\t\t\t\t\t\t<span class=\"elementor-title\" id=\"elementor-progress-bar-6a60f14\">\n\t\t\t\tMeta de Inversi\u00f3n.    USD $ 1,125,000.00\t\t\t<\/span>\n\t\t\n\t\t<div aria-labelledby=\"elementor-progress-bar-6a60f14\" class=\"elementor-progress-wrapper\" role=\"progressbar\" aria-valuemin=\"0\" aria-valuemax=\"100\" aria-valuenow=\"51\" aria-valuetext=\"51% (Invertido)\">\n\t\t\t<div class=\"elementor-progress-bar\" data-max=\"51\">\n\t\t\t\t<span class=\"elementor-progress-text\">Invertido<\/span>\n\t\t\t\t\t\t\t\t\t<span class=\"elementor-progress-percentage\">51%<\/span>\n\t\t\t\t\t\t\t<\/div>\n\t\t<\/div>\n\t\t\t\t\t\t<\/div>\n\t\t\t\t<\/div>\n\t\t\t\t<div class=\"elementor-element elementor-element-99fe49a elementor-widget elementor-widget-text-editor\" data-id=\"99fe49a\" data-element_type=\"widget\" data-widget_type=\"text-editor.default\">\n\t\t\t\t<div class=\"elementor-widget-container\">\n\t\t\t\t\t\t\t\t\t<p>5 Socios<\/p>\t\t\t\t\t\t\t\t<\/div>\n\t\t\t\t<\/div>\n\t\t\t\t<\/div>\n\t\t<div class=\"elementor-element elementor-element-d76ffc9 e-con-full e-flex e-con e-child\" data-id=\"d76ffc9\" data-element_type=\"container\">\n\t\t\t\t<div class=\"elementor-element elementor-element-8160bb4 elementor-widget elementor-widget-text-editor\" data-id=\"8160bb4\" data-element_type=\"widget\" data-widget_type=\"text-editor.default\">\n\t\t\t\t<div class=\"elementor-widget-container\">\n\t\t\t\t\t\t\t\t\t<p>Casi Finalizado<\/p>\t\t\t\t\t\t\t\t<\/div>\n\t\t\t\t<\/div>\n\t\t\t\t<div class=\"elementor-element elementor-element-9d3dc5d elementor-widget elementor-widget-text-editor\" data-id=\"9d3dc5d\" data-element_type=\"widget\" data-widget_type=\"text-editor.default\">\n\t\t\t\t<div class=\"elementor-widget-container\">\n\t\t\t\t\t\t\t\t\t<p>La Gloria<\/p>\t\t\t\t\t\t\t\t<\/div>\n\t\t\t\t<\/div>\n\t\t\t\t<div class=\"elementor-element elementor-element-3c7b265 elementor-widget elementor-widget-text-editor\" data-id=\"3c7b265\" data-element_type=\"widget\" data-widget_type=\"text-editor.default\">\n\t\t\t\t<div class=\"elementor-widget-container\">\n\t\t\t\t\t\t\t\t\t<p><a href=\"https:\/\/scalar.com.co\/la-gloria\/\">Parque Solar la Gloria &#8211; Cesar<\/a><\/p>\t\t\t\t\t\t\t\t<\/div>\n\t\t\t\t<\/div>\n\t\t\t\t<\/div>\n\t\t<div class=\"elementor-element elementor-element-bdad536 e-con-full e-flex e-con e-child\" data-id=\"bdad536\" data-element_type=\"container\">\n\t\t\t\t<div class=\"elementor-element elementor-element-ea15ef3 elementor-widget elementor-widget-text-editor\" data-id=\"ea15ef3\" data-element_type=\"widget\" data-widget_type=\"text-editor.default\">\n\t\t\t\t<div class=\"elementor-widget-container\">\n\t\t\t\t\t\t\t\t\t<p>En proceso<\/p>\t\t\t\t\t\t\t\t<\/div>\n\t\t\t\t<\/div>\n\t\t\t\t<div class=\"elementor-element elementor-element-1031be8 elementor-widget elementor-widget-text-editor\" data-id=\"1031be8\" data-element_type=\"widget\" data-widget_type=\"text-editor.default\">\n\t\t\t\t<div class=\"elementor-widget-container\">\n\t\t\t\t\t\t\t\t\t<p>El Naranjal<\/p>\t\t\t\t\t\t\t\t<\/div>\n\t\t\t\t<\/div>\n\t\t\t\t<div class=\"elementor-element elementor-element-e5ee91d elementor-widget elementor-widget-text-editor\" data-id=\"e5ee91d\" data-element_type=\"widget\" data-widget_type=\"text-editor.default\">\n\t\t\t\t<div class=\"elementor-widget-container\">\n\t\t\t\t\t\t\t\t\t<p>Parque Solar Naranjal &#8211; C\u00f3rdoba<\/p>\t\t\t\t\t\t\t\t<\/div>\n\t\t\t\t<\/div>\n\t\t\t\t<\/div>\n\t\t<div class=\"elementor-element elementor-element-6decdc8 e-con-full e-flex e-con e-child\" data-id=\"6decdc8\" data-element_type=\"container\">\n\t\t\t\t<div class=\"elementor-element elementor-element-05a7298 elementor-widget elementor-widget-text-editor\" data-id=\"05a7298\" data-element_type=\"widget\" data-widget_type=\"text-editor.default\">\n\t\t\t\t<div class=\"elementor-widget-container\">\n\t\t\t\t\t\t\t\t\t<p>Pr\u00f3ximamente<\/p>\t\t\t\t\t\t\t\t<\/div>\n\t\t\t\t<\/div>\n\t\t\t\t<div class=\"elementor-element elementor-element-4248d45 elementor-widget elementor-widget-text-editor\" data-id=\"4248d45\" data-element_type=\"widget\" data-widget_type=\"text-editor.default\">\n\t\t\t\t<div class=\"elementor-widget-container\">\n\t\t\t\t\t\t\t\t\t<p>La Gloria II<\/p>\t\t\t\t\t\t\t\t<\/div>\n\t\t\t\t<\/div>\n\t\t\t\t<div class=\"elementor-element elementor-element-85eba4f elementor-widget elementor-widget-text-editor\" data-id=\"85eba4f\" data-element_type=\"widget\" data-widget_type=\"text-editor.default\">\n\t\t\t\t<div class=\"elementor-widget-container\">\n\t\t\t\t\t\t\t\t\t<p>Parque solar la Gloria<\/p>\t\t\t\t\t\t\t\t<\/div>\n\t\t\t\t<\/div>\n\t\t\t\t<\/div>\n\t\t\t\t\t<\/div>\n\t\t\t\t<\/div>\n\t\t<div class=\"elementor-element elementor-element-8422a96 e-flex e-con-boxed e-con e-parent\" data-id=\"8422a96\" data-element_type=\"container\">\n\t\t\t\t\t<div class=\"e-con-inner\">\n\t\t\t\t<div class=\"elementor-element elementor-element-42dd3bb elementor-widget elementor-widget-html\" data-id=\"42dd3bb\" data-element_type=\"widget\" data-widget_type=\"html.default\">\n\t\t\t\t<div class=\"elementor-widget-container\">\n\t\t\t\t\t<!--Start of Tawk.to Script-->\n<script type=\"text\/javascript\">\nvar Tawk_API=Tawk_API||{}, Tawk_LoadStart=new Date();\n(function(){\nvar s1=document.createElement(\"script\"),s0=document.getElementsByTagName(\"script\")[0];\ns1.async=true;\ns1.src='https:\/\/embed.tawk.to\/68059b67993aba1912a8c815\/1ipaue2qb';\ns1.charset='UTF-8';\ns1.setAttribute('crossorigin','*');\ns0.parentNode.insertBefore(s1,s0);\n})();\n<\/script>\n<!--End of Tawk.to Script-->\t\t\t\t<\/div>\n\t\t\t\t<\/div>\n\t\t\t\t\t<\/div>\n\t\t\t\t<\/div>\n\t\t\t\t<\/div>\n\t\t","protected":false},"excerpt":{"rendered":"<p>Proyectos Meta de Inversi\u00f3n. USD $ 1,090,000.00 Invertido 77% 14 Socios Meta de Inversi\u00f3n. USD $ 1,092,000.00 Invertido 59% 9 Socios Meta de Inversi\u00f3n. USD $ 1,125,000.00 Invertido 51% 5 Socios Casi Finalizado La Gloria Parque Solar la Gloria &#8211; Cesar En proceso El Naranjal Parque Solar Naranjal &#8211; C\u00f3rdoba Pr\u00f3ximamente La Gloria II Parque [&hellip;]<\/p>\n","protected":false},"author":1,"featured_media":0,"parent":0,"menu_order":0,"comment_status":"closed","ping_status":"closed","template":"","meta":{"_acf_changed":false,"_monsterinsights_skip_tracking":false,"_monsterinsights_sitenote_active":false,"_monsterinsights_sitenote_note":"","_monsterinsights_sitenote_category":0,"footnotes":""},"class_list":["post-556","page","type-page","status-publish","hentry"],"acf":[],"_links":{"self":[{"href":"https:\/\/amic.world\/scalar\/wp-json\/wp\/v2\/pages\/556","targetHints":{"allow":["GET"]}}],"collection":[{"href":"https:\/\/amic.world\/scalar\/wp-json\/wp\/v2\/pages"}],"about":[{"href":"https:\/\/amic.world\/scalar\/wp-json\/wp\/v2\/types\/page"}],"author":[{"embeddable":true,"href":"https:\/\/amic.world\/scalar\/wp-json\/wp\/v2\/users\/1"}],"replies":[{"embeddable":true,"href":"https:\/\/amic.world\/scalar\/wp-json\/wp\/v2\/comments?post=556"}],"version-history":[{"count":40,"href":"https:\/\/amic.world\/scalar\/wp-json\/wp\/v2\/pages\/556\/revisions"}],"predecessor-version":[{"id":4412,"href":"https:\/\/amic.world\/scalar\/wp-json\/wp\/v2\/pages\/556\/revisions\/4412"}],"wp:attachment":[{"href":"https:\/\/amic.world\/scalar\/wp-json\/wp\/v2\/media?parent=556"}],"curies":[{"name":"wp","href":"https:\/\/api.w.org\/{rel}","templated":true}]}}