{"id":862,"date":"2025-04-19T19:04:13","date_gmt":"2025-04-19T19:04:13","guid":{"rendered":"https:\/\/amic.world\/scalar\/?page_id=862"},"modified":"2025-08-23T15:42:52","modified_gmt":"2025-08-23T20:42:52","slug":"capacidad","status":"publish","type":"page","link":"https:\/\/amic.world\/scalar\/capacidad\/","title":{"rendered":"Capacidad"},"content":{"rendered":"\t\t<div data-elementor-type=\"wp-page\" data-elementor-id=\"862\" class=\"elementor elementor-862\" data-elementor-post-type=\"page\">\n\t\t\t\t<div class=\"elementor-element elementor-element-03622a4 e-flex e-con-boxed e-con e-parent\" data-id=\"03622a4\" data-element_type=\"container\" data-settings=\"{&quot;background_background&quot;:&quot;classic&quot;}\">\n\t\t\t\t\t<div class=\"e-con-inner\">\n\t\t\t\t<div class=\"elementor-element elementor-element-77e17b3 elementor-widget elementor-widget-heading\" data-id=\"77e17b3\" data-element_type=\"widget\" data-widget_type=\"heading.default\">\n\t\t\t\t<div class=\"elementor-widget-container\">\n\t\t\t\t\t<h2 class=\"elementor-heading-title elementor-size-default\">Capacidad<\/h2>\t\t\t\t<\/div>\n\t\t\t\t<\/div>\n\t\t\t\t\t<\/div>\n\t\t\t\t<\/div>\n\t\t<div class=\"elementor-element elementor-element-40e6b8b e-flex e-con-boxed e-con e-parent\" data-id=\"40e6b8b\" data-element_type=\"container\">\n\t\t\t\t\t<div class=\"e-con-inner\">\n\t\t\t\t<div class=\"elementor-element elementor-element-bd1605d elementor-widget elementor-widget-heading\" data-id=\"bd1605d\" data-element_type=\"widget\" data-widget_type=\"heading.default\">\n\t\t\t\t<div class=\"elementor-widget-container\">\n\t\t\t\t\t<h2 class=\"elementor-heading-title elementor-size-default\">Capacidad Promedio de Nuestros Parques Solares<\/h2>\t\t\t\t<\/div>\n\t\t\t\t<\/div>\n\t\t\t\t\t<\/div>\n\t\t\t\t<\/div>\n\t\t<div class=\"elementor-element elementor-element-f040c5c e-flex e-con-boxed e-con e-parent\" data-id=\"f040c5c\" data-element_type=\"container\">\n\t\t\t\t\t<div class=\"e-con-inner\">\n\t\t\t\t<div class=\"elementor-element elementor-element-244e0af elementor-widget elementor-widget-text-editor\" data-id=\"244e0af\" data-element_type=\"widget\" data-widget_type=\"text-editor.default\">\n\t\t\t\t<div class=\"elementor-widget-container\">\n\t\t\t\t\t\t\t\t\t<p>En Scalar, estamos comprometidos con la generaci\u00f3n de <strong>energ\u00eda limpia y sostenible<\/strong> a trav\u00e9s de nuestros parques solares, que son fundamentales para promover un futuro energ\u00e9tico m\u00e1s responsable.<\/p><h4>Capacidad de Producci\u00f3n<\/h4><p>Nuestros proyectos destacadas, <strong>La Gloria<\/strong> y <strong>Naranjal<\/strong>, poseen una capacidad instalada de <strong>1,300 kWp<\/strong> cada uno. Esto se traduce en una producci\u00f3n promedio de aproximadamente <strong>271 kWh por hora<\/strong>, asumiendo un promedio de <strong>5 horas de sol efectivas<\/strong> al d\u00eda. Esto significa que, bajo condiciones \u00f3ptimas, cada parque puede generar hasta <strong>6,500 kWh<\/strong> diarios, suministrando energ\u00eda a miles de hogares y empresas.<\/p><h4>Beneficios de la Generaci\u00f3n Solar<\/h4><ol><li><strong>Reducci\u00f3n de Emisiones<\/strong>: Nuestros parques solares ayudan a disminuir la huella de carbono de las comunidades locales, aportando a un entorno m\u00e1s limpio.<\/li><li><strong>Estabilidad Energ\u00e9tica<\/strong>: Con contratos de venta de energ\u00eda por\u00a0<strong>25 a\u00f1os<\/strong>, garantizamos un suministro estable y confiable para nuestros socios.<\/li><li><strong>Contribuci\u00f3n a la Econom\u00eda Local<\/strong>: Promovemos la creaci\u00f3n de empleos en la construcci\u00f3n y operaci\u00f3n de los parques, beneficiando directamente a la comunidad.<\/li><\/ol><h4>Compromiso con la Sostenibilidad<\/h4><p>Cada uno de nuestros parques est\u00e1 dise\u00f1ado no solo para generar energ\u00eda, sino tambi\u00e9n para integrarse de manera efectiva al entorno y maximizar el uso de recursos locales. A medida que continuamos expandiendo nuestras iniciativas, estamos dedicados a ofrecer soluciones energ\u00e9ticas que marquen una diferencia significativa.<\/p>\t\t\t\t\t\t\t\t<\/div>\n\t\t\t\t<\/div>\n\t\t\t\t\t<\/div>\n\t\t\t\t<\/div>\n\t\t<div class=\"elementor-element elementor-element-adf518d e-flex e-con-boxed e-con e-parent\" data-id=\"adf518d\" data-element_type=\"container\">\n\t\t\t\t\t<div class=\"e-con-inner\">\n\t\t\t\t<div class=\"elementor-element elementor-element-57aeeef elementor-widget elementor-widget-spacer\" data-id=\"57aeeef\" data-element_type=\"widget\" data-widget_type=\"spacer.default\">\n\t\t\t\t<div class=\"elementor-widget-container\">\n\t\t\t\t\t\t\t<div class=\"elementor-spacer\">\n\t\t\t<div class=\"elementor-spacer-inner\"><\/div>\n\t\t<\/div>\n\t\t\t\t\t\t<\/div>\n\t\t\t\t<\/div>\n\t\t\t\t\t<\/div>\n\t\t\t\t<\/div>\n\t\t<div class=\"elementor-element elementor-element-79483a5 e-flex e-con-boxed e-con e-parent\" data-id=\"79483a5\" data-element_type=\"container\">\n\t\t\t\t\t<div class=\"e-con-inner\">\n\t\t\t\t<div class=\"elementor-element elementor-element-4567bcb elementor-widget elementor-widget-heading\" data-id=\"4567bcb\" data-element_type=\"widget\" data-widget_type=\"heading.default\">\n\t\t\t\t<div class=\"elementor-widget-container\">\n\t\t\t\t\t<h2 class=\"elementor-heading-title elementor-size-default\">Tipos de Generaci\u00f3n Energ\u00e9tica<\/h2>\t\t\t\t<\/div>\n\t\t\t\t<\/div>\n\t\t\t\t<div class=\"elementor-element elementor-element-d93fc01 elementor-widget elementor-widget-image\" data-id=\"d93fc01\" data-element_type=\"widget\" data-widget_type=\"image.default\">\n\t\t\t\t<div class=\"elementor-widget-container\">\n\t\t\t\t\t\t\t\t\t\t\t\t\t\t\t<img fetchpriority=\"high\" decoding=\"async\" width=\"800\" height=\"566\" src=\"https:\/\/amic.world\/scalar\/wp-content\/uploads\/2025\/04\/scalrdiapositiva-02-1024x724.png\" class=\"attachment-large size-large wp-image-879\" alt=\"\" srcset=\"https:\/\/amic.world\/scalar\/wp-content\/uploads\/2025\/04\/scalrdiapositiva-02-1024x724.png 1024w, https:\/\/amic.world\/scalar\/wp-content\/uploads\/2025\/04\/scalrdiapositiva-02-300x212.png 300w, https:\/\/amic.world\/scalar\/wp-content\/uploads\/2025\/04\/scalrdiapositiva-02-768x543.png 768w, https:\/\/amic.world\/scalar\/wp-content\/uploads\/2025\/04\/scalrdiapositiva-02-1536x1086.png 1536w, https:\/\/amic.world\/scalar\/wp-content\/uploads\/2025\/04\/scalrdiapositiva-02-2048x1448.png 2048w, https:\/\/amic.world\/scalar\/wp-content\/uploads\/2025\/04\/scalrdiapositiva-02-600x424.png 600w, https:\/\/amic.world\/scalar\/wp-content\/uploads\/2025\/04\/scalrdiapositiva-02-150x106.png 150w\" sizes=\"(max-width: 800px) 100vw, 800px\" \/>\t\t\t\t\t\t\t\t\t\t\t\t\t\t\t<\/div>\n\t\t\t\t<\/div>\n\t\t\t\t\t<\/div>\n\t\t\t\t<\/div>\n\t\t<div class=\"elementor-element elementor-element-9100724 e-flex e-con-boxed e-con e-parent\" data-id=\"9100724\" data-element_type=\"container\">\n\t\t\t\t\t<div class=\"e-con-inner\">\n\t\t\t\t<div class=\"elementor-element elementor-element-4fd4156 elementor-widget elementor-widget-text-editor\" data-id=\"4fd4156\" data-element_type=\"widget\" data-widget_type=\"text-editor.default\">\n\t\t\t\t<div class=\"elementor-widget-container\">\n\t\t\t\t\t\t\t\t\t<h3>\u00a0<\/h3><ol><li><p><strong>Generaci\u00f3n Distribuida<\/strong>:<\/p><ul><li>Se refiere a la generaci\u00f3n de energ\u00eda el\u00e9ctrica que ocurre cerca del lugar de consumo, utilizando fuentes renovables como la solar o la e\u00f3lica. Este modelo permite que los usuarios o comunidades generen su propia energ\u00eda y se conecten a la red el\u00e9ctrica, lo que reduce las p\u00e9rdidas en el transporte.<\/li><\/ul><\/li><li><p><strong>Autogeneraci\u00f3n<\/strong>:<\/p><ul><li>Este t\u00e9rmino se utiliza cuando un consumidor, como una empresa o un hogar, produce su propia energ\u00eda para satisfacer su demanda. La autogeneraci\u00f3n puede llevarse a cabo mediante instalaciones de energ\u00eda solar en el techo o sistemas e\u00f3licos, permitiendo a los usuarios reducir su dependencia de la red el\u00e9ctrica y, en algunos casos, incluso convertirse en generadores de energ\u00eda para vender excedentes a la red.<\/li><\/ul><\/li><li><p><strong>Generaci\u00f3n Centralizada<\/strong>:<\/p><ul><li>A diferencia de la generaci\u00f3n distribuida, la generaci\u00f3n centralizada implica la producci\u00f3n de electricidad en grandes plantas (como centrales hidroel\u00e9ctricas, t\u00e9rmicas o nucleares) que transmiten energ\u00eda a largas distancias a trav\u00e9s de redes el\u00e9ctricas. Este modelo es tradicional en muchas configuraciones de infraestructura energ\u00e9tica.<\/li><\/ul><\/li><li><p><strong>Cogeneraci\u00f3n<\/strong>:<\/p><ul><li>Este m\u00e9todo genera energ\u00eda el\u00e9ctrica y t\u00e9rmica simult\u00e1neamente a partir de un solo combustible. La cogeneraci\u00f3n es eficiente porque utiliza el calor que se genera durante la producci\u00f3n de electricidad para aplicaciones como calefacci\u00f3n o procesos industriales.<\/li><\/ul><\/li><li><p><strong>Microrredes<\/strong>:<\/p><ul><li>Se trata de sistemas de energ\u00eda local que generaci\u00f3n y consumen energ\u00eda de manera conjunta. Pueden funcionar de manera independiente de la red el\u00e9ctrica principal o conectados a ella. Esto permite un mayor control sobre la generaci\u00f3n y el consumo de energ\u00eda en una comunidad o instalaci\u00f3n.<\/li><\/ul><\/li><\/ol>\t\t\t\t\t\t\t\t<\/div>\n\t\t\t\t<\/div>\n\t\t\t\t\t<\/div>\n\t\t\t\t<\/div>\n\t\t<div class=\"elementor-element elementor-element-97c667e e-flex e-con-boxed e-con e-parent\" data-id=\"97c667e\" data-element_type=\"container\">\n\t\t\t\t\t<div class=\"e-con-inner\">\n\t\t\t\t<div class=\"elementor-element elementor-element-9d3d638 elementor-align-center elementor-widget elementor-widget-button\" data-id=\"9d3d638\" data-element_type=\"widget\" data-widget_type=\"button.default\">\n\t\t\t\t<div class=\"elementor-widget-container\">\n\t\t\t\t\t\t\t\t\t<div class=\"elementor-button-wrapper\">\n\t\t\t\t\t<a class=\"elementor-button elementor-button-link elementor-size-sm\" href=\"https:\/\/amic.world\/scalar\/\">\n\t\t\t\t\t\t<span class=\"elementor-button-content-wrapper\">\n\t\t\t\t\t\t\t\t\t<span class=\"elementor-button-text\">Volver al inicio<\/span>\n\t\t\t\t\t<\/span>\n\t\t\t\t\t<\/a>\n\t\t\t\t<\/div>\n\t\t\t\t\t\t\t\t<\/div>\n\t\t\t\t<\/div>\n\t\t\t\t\t<\/div>\n\t\t\t\t<\/div>\n\t\t<div class=\"elementor-element elementor-element-e0cf38d e-flex e-con-boxed e-con e-parent\" data-id=\"e0cf38d\" data-element_type=\"container\">\n\t\t\t\t\t<div class=\"e-con-inner\">\n\t\t\t\t<div class=\"elementor-element elementor-element-d90a41c elementor-widget elementor-widget-html\" data-id=\"d90a41c\" data-element_type=\"widget\" data-widget_type=\"html.default\">\n\t\t\t\t<div class=\"elementor-widget-container\">\n\t\t\t\t\t<!--Start of Tawk.to Script-->\n<script type=\"text\/javascript\">\nvar Tawk_API=Tawk_API||{}, Tawk_LoadStart=new Date();\n(function(){\nvar s1=document.createElement(\"script\"),s0=document.getElementsByTagName(\"script\")[0];\ns1.async=true;\ns1.src='https:\/\/embed.tawk.to\/68059b67993aba1912a8c815\/1ipaue2qb';\ns1.charset='UTF-8';\ns1.setAttribute('crossorigin','*');\ns0.parentNode.insertBefore(s1,s0);\n})();\n<\/script>\n<!--End of Tawk.to Script-->\t\t\t\t<\/div>\n\t\t\t\t<\/div>\n\t\t\t\t\t<\/div>\n\t\t\t\t<\/div>\n\t\t\t\t<\/div>\n\t\t","protected":false},"excerpt":{"rendered":"<p>Capacidad Capacidad Promedio de Nuestros Parques Solares En Scalar, estamos comprometidos con la generaci\u00f3n de energ\u00eda limpia y sostenible a trav\u00e9s de nuestros parques solares, que son fundamentales para promover un futuro energ\u00e9tico m\u00e1s responsable. Capacidad de Producci\u00f3n Nuestros proyectos destacadas, La Gloria y Naranjal, poseen una capacidad instalada de 1,300 kWp cada uno. Esto [&hellip;]<\/p>\n","protected":false},"author":1,"featured_media":0,"parent":0,"menu_order":0,"comment_status":"closed","ping_status":"closed","template":"","meta":{"_acf_changed":false,"_monsterinsights_skip_tracking":false,"_monsterinsights_sitenote_active":false,"_monsterinsights_sitenote_note":"","_monsterinsights_sitenote_category":0,"footnotes":""},"class_list":["post-862","page","type-page","status-publish","hentry"],"acf":[],"_links":{"self":[{"href":"https:\/\/amic.world\/scalar\/wp-json\/wp\/v2\/pages\/862","targetHints":{"allow":["GET"]}}],"collection":[{"href":"https:\/\/amic.world\/scalar\/wp-json\/wp\/v2\/pages"}],"about":[{"href":"https:\/\/amic.world\/scalar\/wp-json\/wp\/v2\/types\/page"}],"author":[{"embeddable":true,"href":"https:\/\/amic.world\/scalar\/wp-json\/wp\/v2\/users\/1"}],"replies":[{"embeddable":true,"href":"https:\/\/amic.world\/scalar\/wp-json\/wp\/v2\/comments?post=862"}],"version-history":[{"count":19,"href":"https:\/\/amic.world\/scalar\/wp-json\/wp\/v2\/pages\/862\/revisions"}],"predecessor-version":[{"id":4536,"href":"https:\/\/amic.world\/scalar\/wp-json\/wp\/v2\/pages\/862\/revisions\/4536"}],"wp:attachment":[{"href":"https:\/\/amic.world\/scalar\/wp-json\/wp\/v2\/media?parent=862"}],"curies":[{"name":"wp","href":"https:\/\/api.w.org\/{rel}","templated":true}]}}